{"id":6028,"date":"2024-07-10T15:33:34","date_gmt":"2024-07-10T13:33:34","guid":{"rendered":"https:\/\/www.familiengarten-eberswalde.de\/eintrittspreise\/"},"modified":"2025-04-07T13:09:27","modified_gmt":"2025-04-07T11:09:27","slug":"eintrittspreise","status":"publish","type":"page","link":"https:\/\/www.familiengarten-eberswalde.de\/pl\/eintrittspreise\/","title":{"rendered":"Ceny wst\u0119pu"},"content":{"rendered":"\r\n<section class=\"intro-block align wp-block-pixit-intro\">\r\n\t<header class=\"block-header\">\r\n\t\t<div class=\"acf-innerblocks-container\">\n\n<p class=\"has-text-align-center block-header__subtitle\">Familiengarten Eberswalde<\/p>\n\n\n\n<h2 class=\"wp-block-heading has-text-align-center block-header__title\">Wst\u0119p<\/h2>\n\n<\/div>\r\n\t<\/header>\r\n\r\n\t<div class=\"intro-block__body\"><p style=\"text-align: center;\"><strong>Jednorazowa op\u0142ata za wst\u0119p na osob\u0119<\/strong><\/p>\n<table>\n<thead><\/thead>\n<tbody>\n<tr>\n<td>Osoba doros\u0142a<\/td>\n<td>8,00 \u20ac<\/td>\n<\/tr>\n<tr>\n<td>Wst\u0119p ulgowy*<\/td>\n<td>4,00 \u20ac<\/td>\n<\/tr>\n<tr>\n<td>Dziecko (4-17 lat)<\/td>\n<td>4,00 \u20ac<\/td>\n<\/tr>\n<tr>\n<td>Dziecko (0-3 lata)<\/td>\n<td>wst\u0119p wolny<\/td>\n<\/tr>\n<\/tbody>\n<\/table>\n<p style=\"text-align: center;\"><strong>Bilet \u0142\u0105czony na osob\u0119<\/strong><br \/>\n(uprawnia do jednorazowego wst\u0119pu do muzeum, ogrodu rodzinnego i zoo)<\/p>\n<table>\n<thead><\/thead>\n<tbody>\n<tr>\n<td>Osoba doros\u0142a<\/td>\n<td>18,00 \u20ac<\/td>\n<\/tr>\n<tr>\n<td>Wst\u0119p ulgowy*<\/td>\n<td>9,00 \u20ac<\/td>\n<\/tr>\n<tr>\n<td>Dziecko (4-17 lat)<\/td>\n<td>9,00 \u20ac<\/td>\n<\/tr>\n<tr>\n<td>Dziecko (0-3 lata)<\/td>\n<td>wst\u0119p wolny<\/td>\n<\/tr>\n<tr>\n<td>Zielona klasa (na osob\u0119, dodatkowo do wst\u0119pu)<\/td>\n<td>2,00 \u20ac<\/td>\n<\/tr>\n<\/tbody>\n<\/table>\n<p style=\"text-align: center;\"><strong>Bilet rodzinny<\/strong><br \/>\n(2 doros\u0142ych z maksymalnie 4 dzie\u0107mi, w przypadku rocznego biletu rodzinnego nale\u017cy wskaza\u0107 imiona doros\u0142ych)<\/p>\n<table>\n<thead><\/thead>\n<tbody>\n<tr>\n<td>Bilet rodzinny (bilet jednodniowy)<\/td>\n<td>20,00 \u20ac<\/td>\n<\/tr>\n<tr>\n<td>Bilet rodzinny roczny (wa\u017cny przez 1 rok)<\/td>\n<td>56,00 \u20ac<\/td>\n<\/tr>\n<\/tbody>\n<\/table>\n<p style=\"text-align: center;\"><strong>Bilet grupowy na osob\u0119<\/strong><\/p>\n<table>\n<thead><\/thead>\n<tbody>\n<tr>\n<td>Grupa doros\u0142ych (od 10 os\u00f3b)<\/td>\n<td>7,20 \u20ac<\/td>\n<\/tr>\n<tr>\n<td>Grupa doros\u0142ych (od 100 os\u00f3b)<\/td>\n<td>6,40 \u20ac<\/td>\n<\/tr>\n<tr>\n<td>Grupa dzieci (4-17 lat)<br \/>\nod 10 dzieci (w tym 1 bezp\u0142atna osoba towarzysz\u0105ca na ka\u017cde 10 p\u0142ac\u0105cych dzieci)<\/td>\n<td>3,60 \u20ac<\/td>\n<\/tr>\n<tr>\n<td>Grupa dzieci (4-17 lat)<br \/>\nod 100 dzieci (w tym 1 bezp\u0142atna osoba towarzysz\u0105ca na ka\u017cde 10 p\u0142ac\u0105cych dzieci)<\/td>\n<td>3,20 \u20ac<\/td>\n<\/tr>\n<\/tbody>\n<\/table>\n<p style=\"text-align: center;\"><strong>Roczny bilet na osob\u0119<br \/>\n(Wa\u017cny przez 1 rok)<\/strong><\/p>\n<table>\n<thead><\/thead>\n<tbody>\n<tr>\n<td>Osoba doros\u0142a<\/td>\n<td>30,00 \u20ac<\/td>\n<\/tr>\n<tr>\n<td>Wst\u0119p ulgowy*<\/td>\n<td>15,00 \u20ac<\/td>\n<\/tr>\n<tr>\n<td>Dziecko (4-17 lat)<\/td>\n<td>15,00 \u20ac<\/td>\n<\/tr>\n<tr>\n<td>Dziecko (0-3 lata)<\/td>\n<td>wst\u0119p wolny<\/td>\n<\/tr>\n<\/tbody>\n<\/table>\n<p style=\"text-align: center;\"><strong>Wycieczki<\/strong><\/p>\n<table>\n<thead><\/thead>\n<tbody>\n<tr>\n<td>Wycieczki do maksymalnie 25 os\u00f3b, tylko po wcze\u015bniejszym zg\u0142oszeniu, dodatkowo do ceny wst\u0119pu za ka\u017cd\u0105 rozpocz\u0119t\u0105 godzin\u0119<\/td>\n<td>40,00 \u20ac<\/td>\n<\/tr>\n<\/tbody>\n<\/table>\n<p><strong>* Posiadacze legitymacji osoby z powa\u017cnym stopniem niepe\u0142nosprawno\u015bci lub karty opieki, uczniowie, studenci, osoby na wolontariacie, posiadacze karty Eberswalde, osoby pobieraj\u0105ce zasi\u0142ek dla bezrobotnych lub \u015bwiadczenie z tytu\u0142u podstawowego zabezpieczenia<\/strong><\/p>\n<p style=\"text-align: center;\"><strong>Op\u0142aty za wypo\u017cyczenie<\/strong><br \/>\nWynajem za dzie\u0144<br \/>\n<strong>Kaucja: 20,00 \u20ac lub zastaw<\/strong><\/p>\n<table>\n<thead><\/thead>\n<tbody>\n<tr>\n<td>Dino-Cars<\/td>\n<td>15,00 \u20ac<\/td>\n<\/tr>\n<tr>\n<td>W\u00f3zek transportowy<\/td>\n<td>5,00 \u20ac<\/td>\n<\/tr>\n<tr>\n<td>Dysk-golf<\/td>\n<td>3,00 \u20ac<\/td>\n<\/tr>\n<tr>\n<td>Koszyk\u00f3wka<\/td>\n<td>3,00 \u20ac<\/td>\n<\/tr>\n<\/tbody>\n<\/table>\n<table>\n<thead><\/thead>\n<tbody>\n<tr>\n<td>Badminton<\/td>\n<td>3,00 \u20ac<\/td>\n<\/tr>\n<tr>\n<td>Siatk\u00f3wka<\/td>\n<td>3,00 \u20ac<\/td>\n<\/tr>\n<tr>\n<td>Tenis sto\u0142owy (2 rakietki, 3 pi\u0142eczki)<\/td>\n<td>3,00 \u20ac<\/td>\n<\/tr>\n<tr>\n<td>Grill (w tym w\u0119giel drzewny \/ podpa\u0142ka \/ akcesoria \/ sprz\u0105tanie)<\/td>\n<td>15,00 \u20ac<\/td>\n<\/tr>\n<\/tbody>\n<\/table>\n<table style=\"height: 43px;\" width=\"745\">\n<thead><\/thead>\n<tbody>\n<tr>\n<td>Zgoda na fotografowanie i filmowanie do<strong> cel\u00f3w komercyjnych<\/strong>; imienna, nieprzenoszalna<\/td>\n<td>50,00 \u20ac<\/td>\n<\/tr>\n<\/tbody>\n<\/table>\n<p>&nbsp;<\/p>\n<p>&nbsp;<\/p>\n<\/div>\r\n<\/section>\r\n","protected":false},"excerpt":{"rendered":"","protected":false},"author":2,"featured_media":0,"parent":0,"menu_order":0,"comment_status":"closed","ping_status":"closed","template":"","meta":{"_acf_changed":false,"footnotes":""},"class_list":["post-6028","page","type-page","status-publish","hentry"],"acf":[],"yoast_head":"<!-- This site is optimized with the Yoast SEO plugin v25.9 - https:\/\/yoast.com\/wordpress\/plugins\/seo\/ -->\n<title>Ceny wst\u0119pu - Familiengarten Eberswalde<\/title>\n<meta name=\"robots\" content=\"index, follow, max-snippet:-1, max-image-preview:large, max-video-preview:-1\" \/>\n<link rel=\"canonical\" href=\"https:\/\/www.familiengarten-eberswalde.de\/pl\/eintrittspreise\/\" \/>\n<meta property=\"og:locale\" content=\"pl_PL\" \/>\n<meta property=\"og:type\" content=\"article\" \/>\n<meta property=\"og:title\" content=\"Ceny wst\u0119pu - Familiengarten Eberswalde\" \/>\n<meta property=\"og:url\" content=\"https:\/\/www.familiengarten-eberswalde.de\/pl\/eintrittspreise\/\" \/>\n<meta property=\"og:site_name\" content=\"Familiengarten Eberswalde\" \/>\n<meta property=\"article:modified_time\" content=\"2025-04-07T11:09:27+00:00\" \/>\n<meta name=\"twitter:card\" content=\"summary_large_image\" \/>\n<meta name=\"twitter:label1\" content=\"Szacowany czas czytania\" \/>\n\t<meta name=\"twitter:data1\" content=\"1 minuta\" \/>\n<script type=\"application\/ld+json\" class=\"yoast-schema-graph\">{\"@context\":\"https:\/\/schema.org\",\"@graph\":[{\"@type\":\"WebPage\",\"@id\":\"https:\/\/www.familiengarten-eberswalde.de\/pl\/eintrittspreise\/\",\"url\":\"https:\/\/www.familiengarten-eberswalde.de\/pl\/eintrittspreise\/\",\"name\":\"Ceny wst\u0119pu - Familiengarten Eberswalde\",\"isPartOf\":{\"@id\":\"https:\/\/www.familiengarten-eberswalde.de\/pl\/#website\"},\"datePublished\":\"2024-07-10T13:33:34+00:00\",\"dateModified\":\"2025-04-07T11:09:27+00:00\",\"breadcrumb\":{\"@id\":\"https:\/\/www.familiengarten-eberswalde.de\/pl\/eintrittspreise\/#breadcrumb\"},\"inLanguage\":\"pl-PL\",\"potentialAction\":[{\"@type\":\"ReadAction\",\"target\":[\"https:\/\/www.familiengarten-eberswalde.de\/pl\/eintrittspreise\/\"]}]},{\"@type\":\"BreadcrumbList\",\"@id\":\"https:\/\/www.familiengarten-eberswalde.de\/pl\/eintrittspreise\/#breadcrumb\",\"itemListElement\":[{\"@type\":\"ListItem\",\"position\":1,\"name\":\"Startseite\",\"item\":\"https:\/\/www.familiengarten-eberswalde.de\/pl\/\"},{\"@type\":\"ListItem\",\"position\":2,\"name\":\"Ceny wst\u0119pu\"}]},{\"@type\":\"WebSite\",\"@id\":\"https:\/\/www.familiengarten-eberswalde.de\/pl\/#website\",\"url\":\"https:\/\/www.familiengarten-eberswalde.de\/pl\/\",\"name\":\"Familiengarten Eberswalde\",\"description\":\"Eine Seite der Stadt Eberswalde\",\"potentialAction\":[{\"@type\":\"SearchAction\",\"target\":{\"@type\":\"EntryPoint\",\"urlTemplate\":\"https:\/\/www.familiengarten-eberswalde.de\/pl\/?s={search_term_string}\"},\"query-input\":{\"@type\":\"PropertyValueSpecification\",\"valueRequired\":true,\"valueName\":\"search_term_string\"}}],\"inLanguage\":\"pl-PL\"}]}<\/script>\n<!-- \/ Yoast SEO plugin. -->","yoast_head_json":{"title":"Ceny wst\u0119pu - Familiengarten Eberswalde","robots":{"index":"index","follow":"follow","max-snippet":"max-snippet:-1","max-image-preview":"max-image-preview:large","max-video-preview":"max-video-preview:-1"},"canonical":"https:\/\/www.familiengarten-eberswalde.de\/pl\/eintrittspreise\/","og_locale":"pl_PL","og_type":"article","og_title":"Ceny wst\u0119pu - Familiengarten Eberswalde","og_url":"https:\/\/www.familiengarten-eberswalde.de\/pl\/eintrittspreise\/","og_site_name":"Familiengarten Eberswalde","article_modified_time":"2025-04-07T11:09:27+00:00","twitter_card":"summary_large_image","twitter_misc":{"Szacowany czas czytania":"1 minuta"},"schema":{"@context":"https:\/\/schema.org","@graph":[{"@type":"WebPage","@id":"https:\/\/www.familiengarten-eberswalde.de\/pl\/eintrittspreise\/","url":"https:\/\/www.familiengarten-eberswalde.de\/pl\/eintrittspreise\/","name":"Ceny wst\u0119pu - Familiengarten Eberswalde","isPartOf":{"@id":"https:\/\/www.familiengarten-eberswalde.de\/pl\/#website"},"datePublished":"2024-07-10T13:33:34+00:00","dateModified":"2025-04-07T11:09:27+00:00","breadcrumb":{"@id":"https:\/\/www.familiengarten-eberswalde.de\/pl\/eintrittspreise\/#breadcrumb"},"inLanguage":"pl-PL","potentialAction":[{"@type":"ReadAction","target":["https:\/\/www.familiengarten-eberswalde.de\/pl\/eintrittspreise\/"]}]},{"@type":"BreadcrumbList","@id":"https:\/\/www.familiengarten-eberswalde.de\/pl\/eintrittspreise\/#breadcrumb","itemListElement":[{"@type":"ListItem","position":1,"name":"Startseite","item":"https:\/\/www.familiengarten-eberswalde.de\/pl\/"},{"@type":"ListItem","position":2,"name":"Ceny wst\u0119pu"}]},{"@type":"WebSite","@id":"https:\/\/www.familiengarten-eberswalde.de\/pl\/#website","url":"https:\/\/www.familiengarten-eberswalde.de\/pl\/","name":"Familiengarten Eberswalde","description":"Eine Seite der Stadt Eberswalde","potentialAction":[{"@type":"SearchAction","target":{"@type":"EntryPoint","urlTemplate":"https:\/\/www.familiengarten-eberswalde.de\/pl\/?s={search_term_string}"},"query-input":{"@type":"PropertyValueSpecification","valueRequired":true,"valueName":"search_term_string"}}],"inLanguage":"pl-PL"}]}},"_links":{"self":[{"href":"https:\/\/www.familiengarten-eberswalde.de\/pl\/wp-json\/wp\/v2\/pages\/6028","targetHints":{"allow":["GET"]}}],"collection":[{"href":"https:\/\/www.familiengarten-eberswalde.de\/pl\/wp-json\/wp\/v2\/pages"}],"about":[{"href":"https:\/\/www.familiengarten-eberswalde.de\/pl\/wp-json\/wp\/v2\/types\/page"}],"author":[{"embeddable":true,"href":"https:\/\/www.familiengarten-eberswalde.de\/pl\/wp-json\/wp\/v2\/users\/2"}],"replies":[{"embeddable":true,"href":"https:\/\/www.familiengarten-eberswalde.de\/pl\/wp-json\/wp\/v2\/comments?post=6028"}],"version-history":[{"count":12,"href":"https:\/\/www.familiengarten-eberswalde.de\/pl\/wp-json\/wp\/v2\/pages\/6028\/revisions"}],"predecessor-version":[{"id":7553,"href":"https:\/\/www.familiengarten-eberswalde.de\/pl\/wp-json\/wp\/v2\/pages\/6028\/revisions\/7553"}],"wp:attachment":[{"href":"https:\/\/www.familiengarten-eberswalde.de\/pl\/wp-json\/wp\/v2\/media?parent=6028"}],"curies":[{"name":"wp","href":"https:\/\/api.w.org\/{rel}","templated":true}]}}